{"id":22207,"date":"2022-02-14T15:09:54","date_gmt":"2022-02-14T14:09:54","guid":{"rendered":"http:\/\/www.gabi-suska.de\/?page_id=22207"},"modified":"2023-04-11T10:57:26","modified_gmt":"2023-04-11T09:57:26","slug":"wiadomosci-po-polsku","status":"publish","type":"page","link":"http:\/\/www.gabi-suska.de\/?page_id=22207","title":{"rendered":"Wiadomo\u015bci po polsku"},"content":{"rendered":"\n<p class=\"has-medium-font-size\"><strong>Witam na mojej stronie!<\/strong><\/p>\n\n\n\n<figure class=\"wp-block-image size-large is-resized\"><img loading=\"lazy\" decoding=\"async\" src=\"http:\/\/www.gabi-suska.de\/wordpress\/wp-content\/uploads\/2019\/08\/IMG_20190219_095212-Kopie-775x1024.jpg\" alt=\"\" class=\"wp-image-21726\" width=\"194\" height=\"256\" srcset=\"http:\/\/www.gabi-suska.de\/wordpress\/wp-content\/uploads\/2019\/08\/IMG_20190219_095212-Kopie-775x1024.jpg 775w, http:\/\/www.gabi-suska.de\/wordpress\/wp-content\/uploads\/2019\/08\/IMG_20190219_095212-Kopie-227x300.jpg 227w\" sizes=\"auto, (max-width: 194px) 100vw, 194px\" \/><figcaption class=\"wp-element-caption\">Witam!<\/figcaption><\/figure>\n\n\n\n<p class=\"has-medium-font-size\">Znajdziecie tutaj wej\u015bcia na moje kana\u0142y (g\u0142\u00f3wnie artystyczne).<\/p>\n\n\n\n<p class=\"has-medium-font-size\">Aktualnie zajmuj\u0119 sie interpretacj\u0105 literatury obcej (Gustaw Morcinek, Maria Konopnicka&#8230;bajki Andersena) oraz pisarstwem. Teksty moje zaaran\u017cowane oraz opracowane przeze mnie, s\u0105 wystawione na <strong>YouTube<\/strong> kanale &#8222;Polskie teksty&#8220;.<\/p>\n\n\n\n<p class=\"has-text-color\" style=\"color:#f96f27;font-size:28px\">YouTube<\/p>\n\n\n\n<p class=\"has-medium-font-size\"><strong><a href=\"https:\/\/www.youtube.com\/channel\/UCUUJ3GbOeeEu4CLPfsha5Vg\">Gabriele Suska &#8211; Polskie teksty (YouTube)<\/a><\/strong> (nacisn\u0105\u0107)<\/p>\n\n\n\n<p class=\"has-medium-font-size\">A oto przyk\u0142ad mojego opowiadania po \u015bl\u0105sku &gt;&gt;<\/p>\n\n\n\n<figure class=\"wp-block-embed is-type-video is-provider-youtube wp-block-embed-youtube wp-embed-aspect-16-9 wp-has-aspect-ratio\"><div class=\"wp-block-embed__wrapper\">\n<iframe loading=\"lazy\" title=\"Gor\u0105ce n\u00f3\u017cki w misce - Gabriele Suska\" width=\"584\" height=\"329\" src=\"https:\/\/www.youtube.com\/embed\/FKr5L1FTcXM?start=4&#038;feature=oembed\" frameborder=\"0\" allow=\"accelerometer; autoplay; clipboard-write; encrypted-media; gyroscope; picture-in-picture; web-share\" referrerpolicy=\"strict-origin-when-cross-origin\" allowfullscreen><\/iframe>\n<\/div><\/figure>\n\n\n\n<p><\/p>\n\n\n\n<p>&#8212;&#8212;&#8212;&#8212;&#8212;&#8212;&#8212;&#8212;&#8212;&#8212;&#8212;&#8212;&#8212;&#8212;&#8212;&#8212;&#8212;-<\/p>\n\n\n\n<p><\/p>\n\n\n\n<p class=\"has-medium-font-size\">Na nast\u0119pnym kanale: <strong><a href=\"https:\/\/www.youtube.com\/channel\/UCcI9cGeEebjaaZ7OLlV_j5g\/playlists\">Gabriele Suska &#8211; Art (YouTube)<\/a><\/strong> znajdziecie muzyczne filmy Ramony (mojej c\u00f3rki) oraz moje filmy artystyczne.<\/p>\n\n\n\n<figure class=\"wp-block-embed is-type-video is-provider-youtube wp-block-embed-youtube wp-embed-aspect-16-9 wp-has-aspect-ratio\"><div class=\"wp-block-embed__wrapper\">\n<iframe loading=\"lazy\" title=\"Tutti Frutti te khelas, Kozma Orkestar\" width=\"584\" height=\"329\" src=\"https:\/\/www.youtube.com\/embed\/9DvhJCnNBTU?feature=oembed\" frameborder=\"0\" allow=\"accelerometer; autoplay; clipboard-write; encrypted-media; gyroscope; picture-in-picture; web-share\" referrerpolicy=\"strict-origin-when-cross-origin\" allowfullscreen><\/iframe>\n<\/div><\/figure>\n\n\n\n<p>&#8212;&#8212;&#8212;&#8212;&#8212;&#8212;&#8212;&#8212;&#8212;&#8212;&#8212;&#8212;&#8212;&#8212;&#8212;&#8212;&#8211;<\/p>\n\n\n\n<p><\/p>\n\n\n\n<p class=\"has-medium-font-size\">Do nast\u0119pnych zaj\u0119\u0107 kreatywnych nale\u017cy opracowywanie kr\u00f3tkich fim\u00f3w wideo dla ludzi, kt\u00f3rzy si\u0119 chc\u0105 uczy\u0107 j\u0119zyka polskiego.<\/p>\n\n\n\n<p class=\"has-medium-font-size\">Kana\u0142 ten nazywa si\u0119:<strong> <a href=\"https:\/\/www.youtube.com\/channel\/UCpzTsJ4zKGKD4zMK05hjF-w\">Gabriele Suska &#8211; Sprachkurs Polnisch YouTube<\/a><\/strong><\/p>\n\n\n\n<p>Przypominam, \u017ce kana\u0142 YouTube jest publicznym kana\u0142em, kt\u00f3ry bez dodatkowych koszt\u00f3w, mo\u017ce by\u0107 przez wszystkich ogl\u0105danym.<\/p>\n\n\n\n<p>&#8212;&#8212;&#8212;&#8212;&#8212;&#8212;&#8212;&#8212;&#8212;&#8212;&#8212;&#8212;&#8212;&#8212;&#8212;&#8212;&#8212;-<\/p>\n\n\n\n<p class=\"has-text-color\" style=\"color:#f39524;font-size:28px\">FACEBOOK<\/p>\n\n\n\n<p class=\"has-medium-font-size\">Ci z was, kt\u00f3rzy s\u0105 zameldowani na Facebooku, mog\u0105 wej\u015b\u0107 na moje kana\u0142y:<\/p>\n\n\n\n<p class=\"has-medium-font-size\"><strong><a href=\"https:\/\/www.facebook.com\/profile.php?id=100015747940644\">Oficjalny<\/a> <\/strong>&#8211; podr\u00f3\u017ce, aktualne wiadomo\u015bci&#8230;<\/p>\n\n\n\n<p class=\"has-medium-font-size\"><strong><a href=\"https:\/\/www.facebook.com\/Hathor-e-1704819183148665\">Artystyczny<\/a><\/strong> &#8211; prace artystyczne<\/p>\n\n\n\n<p class=\"has-medium-font-size\"><strong><a href=\"https:\/\/www.facebook.com\/Sprachkurs-Polnisch-bei-G-Suska-472358893226968\">Nauka j\u0119zyka polskiego<\/a><\/strong><\/p>\n\n\n\n<p class=\"has-medium-font-size\"><strong><a href=\"https:\/\/www.facebook.com\/T%C5%82umacz-przysi%C4%99g%C5%82y-j%C4%99zyka-bu%C5%82garskiego-107499311843489\">T\u0142umacz przysi\u0119g\u0142y j\u0119zyka bu\u0142garskiego<\/a> <\/strong>(kt\u00f3ry redaguj\u0119 dla znajomej)<\/p>\n\n\n\n<p>&#8212;&#8212;&#8212;&#8212;&#8212;&#8212;&#8212;&#8212;&#8212;&#8212;&#8212;&#8212;&#8212;&#8212;&#8212;&#8212;&#8211;<\/p>\n\n\n\n<p class=\"has-medium-font-size\">W ko\u0144cu, mo\u017cna mnie znale\u015b\u0107 na Instagramie:<\/p>\n\n\n\n<p class=\"has-medium-font-size\"><strong><a href=\"https:\/\/www.instagram.com\/gabi.suska\/\">Gabriele Suska &#8211; Instagram<\/a><\/strong><\/p>\n","protected":false},"excerpt":{"rendered":"<p>Witam na mojej stronie! Znajdziecie tutaj wej\u015bcia na moje kana\u0142y (g\u0142\u00f3wnie artystyczne). Aktualnie zajmuj\u0119 sie interpretacj\u0105 literatury obcej (Gustaw Morcinek, Maria Konopnicka&#8230;bajki Andersena) oraz pisarstwem. Teksty moje zaaran\u017cowane oraz opracowane przeze mnie, s\u0105 wystawione na YouTube kanale &#8222;Polskie teksty&#8220;. YouTube &hellip; <a href=\"http:\/\/www.gabi-suska.de\/?page_id=22207\">Weiterlesen <span class=\"meta-nav\">&rarr;<\/span><\/a><\/p>\n","protected":false},"author":1,"featured_media":0,"parent":0,"menu_order":0,"comment_status":"closed","ping_status":"closed","template":"","meta":{"ngg_post_thumbnail":0,"footnotes":""},"class_list":["post-22207","page","type-page","status-publish","hentry"],"_links":{"self":[{"href":"http:\/\/www.gabi-suska.de\/index.php?rest_route=\/wp\/v2\/pages\/22207","targetHints":{"allow":["GET"]}}],"collection":[{"href":"http:\/\/www.gabi-suska.de\/index.php?rest_route=\/wp\/v2\/pages"}],"about":[{"href":"http:\/\/www.gabi-suska.de\/index.php?rest_route=\/wp\/v2\/types\/page"}],"author":[{"embeddable":true,"href":"http:\/\/www.gabi-suska.de\/index.php?rest_route=\/wp\/v2\/users\/1"}],"replies":[{"embeddable":true,"href":"http:\/\/www.gabi-suska.de\/index.php?rest_route=%2Fwp%2Fv2%2Fcomments&post=22207"}],"version-history":[{"count":15,"href":"http:\/\/www.gabi-suska.de\/index.php?rest_route=\/wp\/v2\/pages\/22207\/revisions"}],"predecessor-version":[{"id":22315,"href":"http:\/\/www.gabi-suska.de\/index.php?rest_route=\/wp\/v2\/pages\/22207\/revisions\/22315"}],"wp:attachment":[{"href":"http:\/\/www.gabi-suska.de\/index.php?rest_route=%2Fwp%2Fv2%2Fmedia&parent=22207"}],"curies":[{"name":"wp","href":"https:\/\/api.w.org\/{rel}","templated":true}]}}