{"id":22161,"date":"2022-02-13T19:20:06","date_gmt":"2022-02-13T18:20:06","guid":{"rendered":"http:\/\/www.gabi-suska.de\/?page_id=22161"},"modified":"2022-02-13T23:01:13","modified_gmt":"2022-02-13T22:01:13","slug":"externe-links-material","status":"publish","type":"page","link":"http:\/\/www.gabi-suska.de\/?page_id=22161","title":{"rendered":"Externe Links, I-Lernmaterial"},"content":{"rendered":"\n<p class=\"has-text-color has-medium-font-size\" style=\"color:#feca8c\">Das <strong>Amt f\u00fcr Ausl\u00e4nderangelegenheiten<\/strong> in Polen ver\u00f6ffentlicht auf seinen Webseiten Material zur Spracherlernung &gt; Polnisch &#8211; in  Stufen <strong>A1<\/strong> und <strong>A2<\/strong>, in PDF Form, zur freien Verf\u00fcgung.<\/p>\n\n\n\n<p><\/p>\n\n\n\n<p class=\"has-medium-font-size\"><strong><a href=\"https:\/\/www.gov.pl\/web\/udsc\/materialy-dydaktyczne-do-nauki-jezyka-polskiego---dla-doroslych\">Materia\u0142y dydaktyczne do nauki j\u0119zyka polskiego &#8211; dla doros\u0142ych<\/a><\/strong><\/p>\n\n\n\n<p>(Das didaktische Material f\u00fcr Erwachsene &#8211; Polnische Sprache- \u00dcbersicht)<\/p>\n\n\n\n<p>&#8212;&#8212;&#8212;&#8212;&#8212;&#8212;&#8212;&#8212;&#8212;&#8212;&#8212;&#8212;&#8211;<\/p>\n\n\n\n<ul class=\"has-medium-font-size wp-block-list\"><li><strong>\u201cZ j\u0119zykiem polskim ka\u017cdego dnia\u201d<\/strong> (poziom A2&nbsp;z&nbsp;elementami B1) <strong>Stufe A1-B1<\/strong><\/li><\/ul>\n\n\n\n<p class=\"has-medium-font-size\"><a rel=\"noreferrer noopener\" href=\"https:\/\/www.gov.pl\/attachment\/7a2cf9ad-c01f-46fc-8c3a-9cd43ec2a148\" target=\"_blank\">\u0106wiczenia<br>Cwiczenia.pdf&nbsp;34.99MB<\/a><\/p>\n\n\n\n<p>\u00dcbungsheft<\/p>\n\n\n\n<p>&#8212;&#8212;&#8212;&#8212;&#8212;&#8212;&#8212;&#8212;&#8212;&#8212;&#8212;&#8212;&#8212;<\/p>\n\n\n\n<p class=\"has-medium-font-size\"><a rel=\"noreferrer noopener\" href=\"https:\/\/www.gov.pl\/attachment\/f2b04673-cf47-4100-b768-0f6354f692b6\" target=\"_blank\">Poradnik metodyczny<br>Poradnik-metodyczny.pdf&nbsp;32.49MB<\/a><\/p>\n\n\n\n<p>Methodenheft<\/p>\n\n\n\n<p>&#8212;&#8212;&#8212;&#8212;&#8212;&#8212;&#8212;&#8212;&#8212;&#8212;&#8212;&#8212;&#8212;-<\/p>\n\n\n\n<p class=\"has-medium-font-size\"><a rel=\"noreferrer noopener\" href=\"https:\/\/www.gov.pl\/attachment\/8f2998ef-f0ae-45f3-b73c-de44e0bdf50d\" target=\"_blank\">Audio<br>Audio.zip&nbsp;51.43MB<\/a><\/p>\n\n\n\n<p>Audiobeispiele<\/p>\n\n\n\n<p>&#8212;&#8212;&#8212;&#8212;&#8212;&#8212;&#8212;&#8212;&#8212;&#8212;&#8212;&#8212;<\/p>\n\n\n\n<p class=\"has-medium-font-size\"><a rel=\"noreferrer noopener\" href=\"https:\/\/www.gov.pl\/attachment\/0d525271-427b-4ae8-ae8c-735b3084452c\" target=\"_blank\">Podr\u0119cznik<br>podrecznik-e.pdf&nbsp;93.96MB<\/a><a rel=\"noreferrer noopener\" href=\"https:\/\/www.gov.pl\/attachment\/89028c15-04bc-4826-a07c-6766c233b896\" target=\"_blank\">P<\/a><\/p>\n\n\n\n<p>Fachbuch<\/p>\n\n\n\n<p>&#8212;&#8212;&#8212;&#8212;&#8212;&#8212;&#8212;&#8212;&#8212;&#8212;&#8212;&#8212;-<\/p>\n\n\n\n<ul class=\"has-medium-font-size wp-block-list\"><li><strong>\u201cPolski na&nbsp;dobry start\u201d<\/strong> (poziom A1) <strong>Stufe A1<\/strong><\/li><\/ul>\n\n\n\n<p class=\"has-medium-font-size\"><a rel=\"noreferrer noopener\" href=\"https:\/\/www.gov.pl\/attachment\/89028c15-04bc-4826-a07c-6766c233b896\" target=\"_blank\">Polski na dobry start Audio<br>Polski\u200b_na\u200b_dobry\u200b_start-Audio.zip&nbsp;159.48MB<\/a><\/p>\n\n\n\n<p>Audiobeispiele<\/p>\n\n\n\n<p>&#8212;&#8212;&#8212;&#8212;&#8212;&#8212;&#8212;&#8212;&#8212;&#8212;&#8212;&#8212;&#8212;<\/p>\n\n\n\n<p class=\"has-medium-font-size\"><a rel=\"noreferrer noopener\" href=\"https:\/\/www.gov.pl\/attachment\/1bd0a4d2-94ed-421a-aa87-13b86ba834e6\" target=\"_blank\">Polski na dobry start podr\u0119cznik<br>Polski-na-dobry-start-podr\u0119cznik.pdf&nbsp;23.35MB<\/a><\/p>\n\n\n\n<p>Fachbuch<\/p>\n\n\n\n<p>&#8212;&#8212;&#8212;&#8212;&#8212;&#8212;&#8212;&#8212;&#8212;&#8212;&#8212;&#8212;&#8212;<\/p>\n\n\n\n<p class=\"has-medium-font-size\"><a rel=\"noreferrer noopener\" href=\"https:\/\/www.gov.pl\/attachment\/7cf9eba5-22f4-487a-a3c8-4e2bcc4293e8\" target=\"_blank\">Polski na dobry start \u0107wiczenia<br>Polski-na-dobry-start-\u0107wiczenia.pdf&nbsp;10.58MB<\/a><\/p>\n\n\n\n<p>\u00dcbungsheft<\/p>\n\n\n\n<p>&#8212;&#8212;&#8212;&#8212;&#8212;&#8212;&#8212;&#8212;&#8212;&#8212;&#8212;&#8212;&#8212;-<\/p>\n\n\n\n<p class=\"has-medium-font-size\"><a rel=\"noreferrer noopener\" href=\"https:\/\/www.gov.pl\/attachment\/782ba09d-d802-48db-8d51-422dbc1213ac\" target=\"_blank\">Polski na dobry start \u0107wiczenia poradnik metodyczny<br>Polski-na-dobry-start-\u0107wiczenia-poradnik-metodyczny.pdf&nbsp;3.83MB<\/a><\/p>\n\n\n\n<p>Methodenheft<\/p>\n\n\n\n<p>&#8212;&#8212;&#8212;&#8212;&#8212;&#8212;&#8212;&#8212;&#8212;&#8212;&#8212;&#8212;&#8212;&#8211;<\/p>\n\n\n\n<ul class=\"has-medium-font-size wp-block-list\"><li><strong>Polnisch-englische Dialoge<\/strong><\/li><\/ul>\n\n\n\n<p class=\"has-medium-font-size\"><a rel=\"noreferrer noopener\" href=\"https:\/\/www.gov.pl\/attachment\/7f391f9c-b55d-4c6e-86b9-e1e3895ccf83\" target=\"_blank\">Rozm\u00f3wki polsko angielskie<br>Rozm\u00f3wki-polsko-angielkie.pdf&nbsp;1.65MB<\/a><\/p>\n","protected":false},"excerpt":{"rendered":"<p>Das Amt f\u00fcr Ausl\u00e4nderangelegenheiten in Polen ver\u00f6ffentlicht auf seinen Webseiten Material zur Spracherlernung &gt; Polnisch &#8211; in Stufen A1 und A2, in PDF Form, zur freien Verf\u00fcgung. Materia\u0142y dydaktyczne do nauki j\u0119zyka polskiego &#8211; dla doros\u0142ych (Das didaktische Material f\u00fcr &hellip; <a href=\"http:\/\/www.gabi-suska.de\/?page_id=22161\">Weiterlesen <span class=\"meta-nav\">&rarr;<\/span><\/a><\/p>\n","protected":false},"author":1,"featured_media":0,"parent":0,"menu_order":0,"comment_status":"closed","ping_status":"closed","template":"","meta":{"ngg_post_thumbnail":0,"footnotes":""},"class_list":["post-22161","page","type-page","status-publish","hentry"],"_links":{"self":[{"href":"http:\/\/www.gabi-suska.de\/index.php?rest_route=\/wp\/v2\/pages\/22161","targetHints":{"allow":["GET"]}}],"collection":[{"href":"http:\/\/www.gabi-suska.de\/index.php?rest_route=\/wp\/v2\/pages"}],"about":[{"href":"http:\/\/www.gabi-suska.de\/index.php?rest_route=\/wp\/v2\/types\/page"}],"author":[{"embeddable":true,"href":"http:\/\/www.gabi-suska.de\/index.php?rest_route=\/wp\/v2\/users\/1"}],"replies":[{"embeddable":true,"href":"http:\/\/www.gabi-suska.de\/index.php?rest_route=%2Fwp%2Fv2%2Fcomments&post=22161"}],"version-history":[{"count":14,"href":"http:\/\/www.gabi-suska.de\/index.php?rest_route=\/wp\/v2\/pages\/22161\/revisions"}],"predecessor-version":[{"id":22191,"href":"http:\/\/www.gabi-suska.de\/index.php?rest_route=\/wp\/v2\/pages\/22161\/revisions\/22191"}],"wp:attachment":[{"href":"http:\/\/www.gabi-suska.de\/index.php?rest_route=%2Fwp%2Fv2%2Fmedia&parent=22161"}],"curies":[{"name":"wp","href":"https:\/\/api.w.org\/{rel}","templated":true}]}}