{"id":22143,"date":"2022-02-13T17:36:04","date_gmt":"2022-02-13T16:36:04","guid":{"rendered":"http:\/\/www.gabi-suska.de\/?page_id=22143"},"modified":"2022-02-13T19:05:52","modified_gmt":"2022-02-13T18:05:52","slug":"lernvideos-auf-youtube","status":"publish","type":"page","link":"http:\/\/www.gabi-suska.de\/?page_id=22143","title":{"rendered":"Lernvideos auf YouTube"},"content":{"rendered":"\n<p class=\"has-medium-font-size\"><strong><a href=\"https:\/\/www.youtube.com\/channel\/UCpzTsJ4zKGKD4zMK05hjF-w\/featured\">&#8222;Sprachkurs Polnisch&#8220; auf YouTube<\/a><\/strong> entstand rein zuf\u00e4llig.<\/p>\n\n\n\n<p class=\"has-medium-font-size\">Gute Bekannte wollten Polen bereisen und fragten bei mir nach \u00dcbersetzung von typischen Redewendungen und Speisen. Das habe ich gerne gemacht und damit sie die Begriffe immer zur Hand h\u00e4tten, in Form von kurzen Videofilmen ver\u00f6ffentlicht.<\/p>\n\n\n\n<p class=\"has-medium-font-size\">Nachdem mich meine Sch\u00fcler immer wider gebeten hatten, etwas auf Polnisch an sie zu richten, habe ich f\u00fcr sie ein Video <strong><a href=\"https:\/\/www.youtube.com\/watch?v=ESVMWtlTkQE&amp;t=3s\">&#8222;Zahlen 0 -10&#8220;<\/a><\/strong> erarbeitet und sie dazu &#8222;verdonnert&#8220; es auswendig zu lernen. Das war ein Hit. Mit etwa 35 Tausend aufrufen, ist gerade das Video ein Renner. Ich vermute, dass die halbe Schule (vielleicht auch einige Kollegen und Kolleginnen) sich in der Kunst des Z\u00e4hlens auf Polnisch \u00fcbten.<\/p>\n\n\n\n<p>Nun folgten bald weitere Kurzvideos, man kann sagen &#8211; aus Lust und Laune, oder aus \u00c4rger \u00fcber Sportmoderatoren, die gerne und v\u00f6llig unbek\u00fcmmert gerade polnische Namen karikieren (in allen m\u00f6glichen Variationen). <\/p>\n\n\n\n<p style=\"font-size:28px\"><strong>AUFBAU und IDEE<\/strong><\/p>\n\n\n\n<p class=\"has-medium-font-size\">Sprachkurs Polnisch ist nicht didaktisch aufgebaut, so wie man das bei einem VHS Kurs, oder einer Sprachschule vermuten wurde, sondern stellt eine Sammlung an nicht zusammenh\u00e4ngenden Kurzvideos dar, die als Hilfe und Erg\u00e4nzung beim eigenst\u00e4ndigen \u00dcben zu verstehen sind.<\/p>\n\n\n\n<p class=\"has-medium-font-size\">Ich habe den Schwerpunkt auf korrekte Aussprache gelegt. Des weiteren k\u00f6nnen sie ihr Sprach-Verst\u00e4ndnis vom H\u00f6ren \u00fcben, kurze Dialoge ergr\u00fcnden, Leseverm\u00f6gen schulen&#8230; <\/p>\n\n\n\n<p class=\"has-medium-font-size\">Alle diese Videofilme sind in Playlists untergebracht. Sie finden also Playlists, die sich mit der Aussprache besch\u00e4ftigen, dann mit Basisthemen, wie &#8222;Zahlen&#8220;, &#8222;Fragew\u00f6rtern&#8220;. Br\u00e4uche und Traditionen, sowie geografische Themen bringen den Reisenden Polen nahe. F\u00fcr die Kreativen unter uns gibt es Zungenbrecher, oder Kinderreime (neuerdings auch <strong><a href=\"https:\/\/www.youtube.com\/watch?v=jfRHTuxOlEE&amp;list=PL8Y89UP5n5nSxaLddovUe9WSpO1FuRX34\">Familie Adamski<\/a><\/strong>) \ud83d\ude42<\/p>\n\n\n\n<p class=\"has-medium-font-size\">Mit meinen Videos spreche ich Anf\u00e4nger an, die kleine Vorkenntnisse haben und polnische Sprache zus\u00e4tzlich vertiefen, oder ergr\u00fcnden m\u00f6chten. Meine Videos ersetzen aber nicht einen Standardkurs, den sie  direkt in Polen, oder an einer hiesigen VHS schon belegen sollten, falls sie ernsthaft diese Sprache erlernen m\u00f6chten, denn nur diese bitten ihnen eine solide grammatikalische Basis mit einem didaktischen und chronologischen Aufbau an. <\/p>\n\n\n\n<p class=\"has-medium-font-size\">Falls sie aber (nur punktuell und vereinzelt) ihre Freunde in Polen mit einer Weihnachtskarte auf Polnisch \u00fcberraschen m\u00f6chten, oder ihrem Kind ein Kinderlied auf Polnisch beibringen m\u00f6chten, vielleicht ihren Wortschatz erweitern, oder einfach spa\u00dfeshalber einen Zungenbrecher erlernen m\u00f6chten <strong><a href=\"https:\/\/www.youtube.com\/watch?v=D6ifEVTraPY&amp;t=1s\">(Sucha szosa)<\/a><\/strong> schauen sie bei mir rein. Sie finden dort bestimmt etwas Passendes.<\/p>\n\n\n\n<p>Mein YouTube Kanal ist nicht kommerziell geschaltet.<\/p>\n\n\n\n<figure class=\"wp-block-image size-thumbnail\"><a href=\"https:\/\/www.youtube.com\/channel\/UCpzTsJ4zKGKD4zMK05hjF-w\"><img loading=\"lazy\" decoding=\"async\" width=\"75\" height=\"75\" src=\"http:\/\/www.gabi-suska.de\/wordpress\/wp-content\/uploads\/2022\/02\/1s-75x75.jpg\" alt=\"\" class=\"wp-image-22125\" srcset=\"http:\/\/www.gabi-suska.de\/wordpress\/wp-content\/uploads\/2022\/02\/1s-75x75.jpg 75w, http:\/\/www.gabi-suska.de\/wordpress\/wp-content\/uploads\/2022\/02\/1s-300x297.jpg 300w, http:\/\/www.gabi-suska.de\/wordpress\/wp-content\/uploads\/2022\/02\/1s-1024x1013.jpg 1024w, http:\/\/www.gabi-suska.de\/wordpress\/wp-content\/uploads\/2022\/02\/1s-303x300.jpg 303w, http:\/\/www.gabi-suska.de\/wordpress\/wp-content\/uploads\/2022\/02\/1s.jpg 1072w\" sizes=\"auto, (max-width: 75px) 100vw, 75px\" \/><\/a><\/figure>\n\n\n\n<p><\/p>\n","protected":false},"excerpt":{"rendered":"<p>&#8222;Sprachkurs Polnisch&#8220; auf YouTube entstand rein zuf\u00e4llig. Gute Bekannte wollten Polen bereisen und fragten bei mir nach \u00dcbersetzung von typischen Redewendungen und Speisen. Das habe ich gerne gemacht und damit sie die Begriffe immer zur Hand h\u00e4tten, in Form von &hellip; <a href=\"http:\/\/www.gabi-suska.de\/?page_id=22143\">Weiterlesen <span class=\"meta-nav\">&rarr;<\/span><\/a><\/p>\n","protected":false},"author":1,"featured_media":0,"parent":0,"menu_order":0,"comment_status":"closed","ping_status":"closed","template":"","meta":{"ngg_post_thumbnail":0,"footnotes":""},"class_list":["post-22143","page","type-page","status-publish","hentry"],"_links":{"self":[{"href":"http:\/\/www.gabi-suska.de\/index.php?rest_route=\/wp\/v2\/pages\/22143","targetHints":{"allow":["GET"]}}],"collection":[{"href":"http:\/\/www.gabi-suska.de\/index.php?rest_route=\/wp\/v2\/pages"}],"about":[{"href":"http:\/\/www.gabi-suska.de\/index.php?rest_route=\/wp\/v2\/types\/page"}],"author":[{"embeddable":true,"href":"http:\/\/www.gabi-suska.de\/index.php?rest_route=\/wp\/v2\/users\/1"}],"replies":[{"embeddable":true,"href":"http:\/\/www.gabi-suska.de\/index.php?rest_route=%2Fwp%2Fv2%2Fcomments&post=22143"}],"version-history":[{"count":12,"href":"http:\/\/www.gabi-suska.de\/index.php?rest_route=\/wp\/v2\/pages\/22143\/revisions"}],"predecessor-version":[{"id":22157,"href":"http:\/\/www.gabi-suska.de\/index.php?rest_route=\/wp\/v2\/pages\/22143\/revisions\/22157"}],"wp:attachment":[{"href":"http:\/\/www.gabi-suska.de\/index.php?rest_route=%2Fwp%2Fv2%2Fmedia&parent=22143"}],"curies":[{"name":"wp","href":"https:\/\/api.w.org\/{rel}","templated":true}]}}