{"id":22094,"date":"2022-02-12T20:34:15","date_gmt":"2022-02-12T19:34:15","guid":{"rendered":"http:\/\/www.gabi-suska.de\/?page_id=22094"},"modified":"2023-04-11T10:59:19","modified_gmt":"2023-04-11T09:59:19","slug":"sprachkurs-polnisch","status":"publish","type":"page","link":"http:\/\/www.gabi-suska.de\/?page_id=22094","title":{"rendered":"Sprachkurs Polnisch"},"content":{"rendered":"\n<figure class=\"wp-block-image size-medium\"><a href=\"https:\/\/www.youtube.com\/channel\/UCpzTsJ4zKGKD4zMK05hjF-w\/featured\"><img loading=\"lazy\" decoding=\"async\" width=\"300\" height=\"297\" src=\"http:\/\/www.gabi-suska.de\/wordpress\/wp-content\/uploads\/2022\/02\/1s-300x297.jpg\" alt=\"\" class=\"wp-image-22125\" srcset=\"http:\/\/www.gabi-suska.de\/wordpress\/wp-content\/uploads\/2022\/02\/1s-300x297.jpg 300w, http:\/\/www.gabi-suska.de\/wordpress\/wp-content\/uploads\/2022\/02\/1s-1024x1013.jpg 1024w, http:\/\/www.gabi-suska.de\/wordpress\/wp-content\/uploads\/2022\/02\/1s-75x75.jpg 75w, http:\/\/www.gabi-suska.de\/wordpress\/wp-content\/uploads\/2022\/02\/1s-303x300.jpg 303w, http:\/\/www.gabi-suska.de\/wordpress\/wp-content\/uploads\/2022\/02\/1s.jpg 1072w\" sizes=\"auto, (max-width: 300px) 100vw, 300px\" \/><\/a><\/figure>\n\n\n\n<p class=\"has-medium-font-size\"><strong><a href=\"http:\/\/www.gabi-suska.de\/?page_id=22143\">Geb\u00fchrenfreies Lernmaterial, \u00f6ffentlich zug\u00e4nglich<\/a><\/strong> <strong><a href=\"http:\/\/www.gabi-suska.de\/?page_id=22143\">(Beschreibung)<\/a><\/strong><\/p>\n\n\n\n<p>&#8212;&#8212;&#8212;&#8212;&#8212;&#8212;&#8212;&#8212;&#8212;&#8212;&#8212;&#8212;&#8212;&#8212;&#8212;&#8212;&#8212;&#8212;&#8212;&#8211;<\/p>\n\n\n\n<figure class=\"wp-block-image size-medium\"><a href=\"http:\/\/www.gabi-suska.de\/?page_id=22139\"><img loading=\"lazy\" decoding=\"async\" width=\"300\" height=\"297\" src=\"http:\/\/www.gabi-suska.de\/wordpress\/wp-content\/uploads\/2022\/02\/7s-300x297.jpg\" alt=\"\" class=\"wp-image-22128\" srcset=\"http:\/\/www.gabi-suska.de\/wordpress\/wp-content\/uploads\/2022\/02\/7s-300x297.jpg 300w, http:\/\/www.gabi-suska.de\/wordpress\/wp-content\/uploads\/2022\/02\/7s-1024x1013.jpg 1024w, http:\/\/www.gabi-suska.de\/wordpress\/wp-content\/uploads\/2022\/02\/7s-75x75.jpg 75w, http:\/\/www.gabi-suska.de\/wordpress\/wp-content\/uploads\/2022\/02\/7s-303x300.jpg 303w, http:\/\/www.gabi-suska.de\/wordpress\/wp-content\/uploads\/2022\/02\/7s.jpg 1072w\" sizes=\"auto, (max-width: 300px) 100vw, 300px\" \/><\/a><\/figure>\n\n\n\n<p class=\"has-medium-font-size\"><strong><a href=\"http:\/\/www.gabi-suska.de\/?page_id=22139\">Geb\u00fchrenpflichtige, individuelle Lernstunden\/Lernkurse<\/a><\/strong><\/p>\n\n\n\n<p>Sprachkurs, als Distanzkurs, ruht momentan und ist in der Bearbeitung.<\/p>\n\n\n\n<p>&#8212;&#8212;&#8212;&#8212;&#8212;&#8212;&#8212;&#8212;&#8212;&#8212;&#8212;&#8212;&#8212;&#8212;&#8212;&#8212;&#8212;&#8212;&#8211;<\/p>\n\n\n\n<hr class=\"wp-block-separator has-css-opacity\"\/>\n\n\n\n<figure class=\"wp-block-image size-medium\"><a href=\"http:\/\/www.gabi-suska.de\/?page_id=22161\"><img loading=\"lazy\" decoding=\"async\" width=\"300\" height=\"297\" src=\"http:\/\/www.gabi-suska.de\/wordpress\/wp-content\/uploads\/2022\/02\/8s-300x297.jpg\" alt=\"\" class=\"wp-image-22158\" srcset=\"http:\/\/www.gabi-suska.de\/wordpress\/wp-content\/uploads\/2022\/02\/8s-300x297.jpg 300w, http:\/\/www.gabi-suska.de\/wordpress\/wp-content\/uploads\/2022\/02\/8s-1024x1013.jpg 1024w, http:\/\/www.gabi-suska.de\/wordpress\/wp-content\/uploads\/2022\/02\/8s-75x75.jpg 75w, http:\/\/www.gabi-suska.de\/wordpress\/wp-content\/uploads\/2022\/02\/8s-303x300.jpg 303w, http:\/\/www.gabi-suska.de\/wordpress\/wp-content\/uploads\/2022\/02\/8s.jpg 1072w\" sizes=\"auto, (max-width: 300px) 100vw, 300px\" \/><\/a><\/figure>\n","protected":false},"excerpt":{"rendered":"<p>Geb\u00fchrenfreies Lernmaterial, \u00f6ffentlich zug\u00e4nglich (Beschreibung) &#8212;&#8212;&#8212;&#8212;&#8212;&#8212;&#8212;&#8212;&#8212;&#8212;&#8212;&#8212;&#8212;&#8212;&#8212;&#8212;&#8212;&#8212;&#8212;&#8211; Geb\u00fchrenpflichtige, individuelle Lernstunden\/Lernkurse Sprachkurs, als Distanzkurs, ruht momentan und ist in der Bearbeitung. &#8212;&#8212;&#8212;&#8212;&#8212;&#8212;&#8212;&#8212;&#8212;&#8212;&#8212;&#8212;&#8212;&#8212;&#8212;&#8212;&#8212;&#8212;&#8211;<\/p>\n","protected":false},"author":1,"featured_media":0,"parent":0,"menu_order":0,"comment_status":"closed","ping_status":"closed","template":"","meta":{"ngg_post_thumbnail":0,"footnotes":""},"class_list":["post-22094","page","type-page","status-publish","hentry"],"_links":{"self":[{"href":"http:\/\/www.gabi-suska.de\/index.php?rest_route=\/wp\/v2\/pages\/22094","targetHints":{"allow":["GET"]}}],"collection":[{"href":"http:\/\/www.gabi-suska.de\/index.php?rest_route=\/wp\/v2\/pages"}],"about":[{"href":"http:\/\/www.gabi-suska.de\/index.php?rest_route=\/wp\/v2\/types\/page"}],"author":[{"embeddable":true,"href":"http:\/\/www.gabi-suska.de\/index.php?rest_route=\/wp\/v2\/users\/1"}],"replies":[{"embeddable":true,"href":"http:\/\/www.gabi-suska.de\/index.php?rest_route=%2Fwp%2Fv2%2Fcomments&post=22094"}],"version-history":[{"count":19,"href":"http:\/\/www.gabi-suska.de\/index.php?rest_route=\/wp\/v2\/pages\/22094\/revisions"}],"predecessor-version":[{"id":22317,"href":"http:\/\/www.gabi-suska.de\/index.php?rest_route=\/wp\/v2\/pages\/22094\/revisions\/22317"}],"wp:attachment":[{"href":"http:\/\/www.gabi-suska.de\/index.php?rest_route=%2Fwp%2Fv2%2Fmedia&parent=22094"}],"curies":[{"name":"wp","href":"https:\/\/api.w.org\/{rel}","templated":true}]}}